{"id":68,"date":"2020-06-03T20:11:05","date_gmt":"2020-06-03T17:11:05","guid":{"rendered":"http:\/\/demo.safirtema.com\/rota\/?page_id=68"},"modified":"2021-03-03T13:26:42","modified_gmt":"2021-03-03T10:26:42","slug":"foto-galeri","status":"publish","type":"page","link":"https:\/\/konyaplisesineklik.com\/en\/foto-galeri\/","title":{"rendered":"Photo gallery"},"content":{"rendered":"\n<p><p>M\u00fc\u015fterilerimize yapt\u0131\u011f\u0131m\u0131z \u00e7al\u0131\u015fmalar\u0131n foto\u011fraflar\u0131.<\/p> <p>\u00a0<\/p><\/p>\n\n\n<p>&nbsp;<\/p>\n<p>&nbsp;<\/p>\n\n\n<figure class=\"wp-block-gallery columns-0 is-cropped\"><ul class=\"blocks-gallery-grid\"><li class=\"blocks-gallery-item\"><figure><a href=\"https:\/\/konyaplisesineklik.com\/en\/wp-content\/uploads\/2021\/02\/WhatsApp-Image-2021-02-09-at-21.14.11.jpeg\"><img loading=\"lazy\" width=\"1024\" height=\"821\" src=\"https:\/\/konyaplisesineklik.com\/en\/wp-content\/uploads\/2021\/02\/WhatsApp-Image-2021-02-09-at-21.14.11-1024x821.jpeg\" alt=\"\" data-id=\"344\" data-full-url=\"https:\/\/konyaplisesineklik.com\/en\/wp-content\/uploads\/2021\/02\/WhatsApp-Image-2021-02-09-at-21.14.11.jpeg\" data-link=\"https:\/\/konyaplisesineklik.com\/en\/foto-galeri\/whatsapp-image-2021-02-09-at-21-14-11\/\" class=\"wp-image-344\" srcset=\"https:\/\/konyaplisesineklik.com\/en\/wp-content\/uploads\/2021\/02\/WhatsApp-Image-2021-02-09-at-21.14.11-1024x821.jpeg 1024w, https:\/\/konyaplisesineklik.com\/en\/wp-content\/uploads\/2021\/02\/WhatsApp-Image-2021-02-09-at-21.14.11-300x241.jpeg 300w, https:\/\/konyaplisesineklik.com\/en\/wp-content\/uploads\/2021\/02\/WhatsApp-Image-2021-02-09-at-21.14.11-768x616.jpeg 768w, https:\/\/konyaplisesineklik.com\/en\/wp-content\/uploads\/2021\/02\/WhatsApp-Image-2021-02-09-at-21.14.11.jpeg 1079w\" sizes=\"(max-width: 1024px) 100vw, 1024px\" \/><\/a><\/figure><\/li><li class=\"blocks-gallery-item\"><figure><a href=\"https:\/\/konyaplisesineklik.com\/en\/wp-content\/uploads\/2021\/02\/WhatsApp-Image-2021-02-09-at-21.14.15.jpeg\"><img loading=\"lazy\" width=\"670\" height=\"1024\" src=\"https:\/\/konyaplisesineklik.com\/en\/wp-content\/uploads\/2021\/02\/WhatsApp-Image-2021-02-09-at-21.14.15-670x1024.jpeg\" alt=\"\" data-id=\"345\" data-full-url=\"https:\/\/konyaplisesineklik.com\/en\/wp-content\/uploads\/2021\/02\/WhatsApp-Image-2021-02-09-at-21.14.15.jpeg\" data-link=\"https:\/\/konyaplisesineklik.com\/en\/foto-galeri\/whatsapp-image-2021-02-09-at-21-14-15\/\" class=\"wp-image-345\" srcset=\"https:\/\/konyaplisesineklik.com\/en\/wp-content\/uploads\/2021\/02\/WhatsApp-Image-2021-02-09-at-21.14.15-670x1024.jpeg 670w, https:\/\/konyaplisesineklik.com\/en\/wp-content\/uploads\/2021\/02\/WhatsApp-Image-2021-02-09-at-21.14.15-196x300.jpeg 196w, https:\/\/konyaplisesineklik.com\/en\/wp-content\/uploads\/2021\/02\/WhatsApp-Image-2021-02-09-at-21.14.15-768x1174.jpeg 768w, https:\/\/konyaplisesineklik.com\/en\/wp-content\/uploads\/2021\/02\/WhatsApp-Image-2021-02-09-at-21.14.15-1005x1536.jpeg 1005w, https:\/\/konyaplisesineklik.com\/en\/wp-content\/uploads\/2021\/02\/WhatsApp-Image-2021-02-09-at-21.14.15.jpeg 1047w\" sizes=\"(max-width: 670px) 100vw, 670px\" \/><\/a><\/figure><\/li><li class=\"blocks-gallery-item\"><figure><a href=\"https:\/\/konyaplisesineklik.com\/en\/wp-content\/uploads\/2021\/02\/WhatsApp-Image-2021-02-09-at-21.14.18.jpeg\"><img loading=\"lazy\" width=\"1024\" height=\"870\" src=\"https:\/\/konyaplisesineklik.com\/en\/wp-content\/uploads\/2021\/02\/WhatsApp-Image-2021-02-09-at-21.14.18-1024x870.jpeg\" alt=\"\" data-id=\"346\" data-full-url=\"https:\/\/konyaplisesineklik.com\/en\/wp-content\/uploads\/2021\/02\/WhatsApp-Image-2021-02-09-at-21.14.18.jpeg\" data-link=\"https:\/\/konyaplisesineklik.com\/en\/foto-galeri\/whatsapp-image-2021-02-09-at-21-14-18\/\" class=\"wp-image-346\" srcset=\"https:\/\/konyaplisesineklik.com\/en\/wp-content\/uploads\/2021\/02\/WhatsApp-Image-2021-02-09-at-21.14.18-1024x870.jpeg 1024w, https:\/\/konyaplisesineklik.com\/en\/wp-content\/uploads\/2021\/02\/WhatsApp-Image-2021-02-09-at-21.14.18-300x255.jpeg 300w, https:\/\/konyaplisesineklik.com\/en\/wp-content\/uploads\/2021\/02\/WhatsApp-Image-2021-02-09-at-21.14.18-768x653.jpeg 768w, https:\/\/konyaplisesineklik.com\/en\/wp-content\/uploads\/2021\/02\/WhatsApp-Image-2021-02-09-at-21.14.18.jpeg 1080w\" sizes=\"(max-width: 1024px) 100vw, 1024px\" \/><\/a><\/figure><\/li><li class=\"blocks-gallery-item\"><figure><a href=\"https:\/\/konyaplisesineklik.com\/en\/wp-content\/uploads\/2021\/02\/WhatsApp-Image-2021-02-09-at-21.14.19.jpeg\"><img loading=\"lazy\" width=\"1024\" height=\"870\" src=\"https:\/\/konyaplisesineklik.com\/en\/wp-content\/uploads\/2021\/02\/WhatsApp-Image-2021-02-09-at-21.14.19-1024x870.jpeg\" alt=\"\" data-id=\"347\" data-full-url=\"https:\/\/konyaplisesineklik.com\/en\/wp-content\/uploads\/2021\/02\/WhatsApp-Image-2021-02-09-at-21.14.19.jpeg\" data-link=\"https:\/\/konyaplisesineklik.com\/en\/foto-galeri\/whatsapp-image-2021-02-09-at-21-14-19\/\" class=\"wp-image-347\" srcset=\"https:\/\/konyaplisesineklik.com\/en\/wp-content\/uploads\/2021\/02\/WhatsApp-Image-2021-02-09-at-21.14.19-1024x870.jpeg 1024w, https:\/\/konyaplisesineklik.com\/en\/wp-content\/uploads\/2021\/02\/WhatsApp-Image-2021-02-09-at-21.14.19-300x255.jpeg 300w, https:\/\/konyaplisesineklik.com\/en\/wp-content\/uploads\/2021\/02\/WhatsApp-Image-2021-02-09-at-21.14.19-768x653.jpeg 768w, https:\/\/konyaplisesineklik.com\/en\/wp-content\/uploads\/2021\/02\/WhatsApp-Image-2021-02-09-at-21.14.19.jpeg 1080w\" sizes=\"(max-width: 1024px) 100vw, 1024px\" \/><\/a><\/figure><\/li><li class=\"blocks-gallery-item\"><figure><a href=\"https:\/\/konyaplisesineklik.com\/en\/wp-content\/uploads\/2021\/02\/WhatsApp-Image-2021-02-09-at-21.14.20-1.jpeg\"><img loading=\"lazy\" width=\"576\" height=\"1024\" src=\"https:\/\/konyaplisesineklik.com\/en\/wp-content\/uploads\/2021\/02\/WhatsApp-Image-2021-02-09-at-21.14.20-1-576x1024.jpeg\" alt=\"\" data-id=\"348\" data-full-url=\"https:\/\/konyaplisesineklik.com\/en\/wp-content\/uploads\/2021\/02\/WhatsApp-Image-2021-02-09-at-21.14.20-1.jpeg\" data-link=\"https:\/\/konyaplisesineklik.com\/en\/foto-galeri\/whatsapp-image-2021-02-09-at-21-14-20-1\/\" class=\"wp-image-348\" srcset=\"https:\/\/konyaplisesineklik.com\/en\/wp-content\/uploads\/2021\/02\/WhatsApp-Image-2021-02-09-at-21.14.20-1-576x1024.jpeg 576w, https:\/\/konyaplisesineklik.com\/en\/wp-content\/uploads\/2021\/02\/WhatsApp-Image-2021-02-09-at-21.14.20-1-169x300.jpeg 169w, https:\/\/konyaplisesineklik.com\/en\/wp-content\/uploads\/2021\/02\/WhatsApp-Image-2021-02-09-at-21.14.20-1-768x1365.jpeg 768w, https:\/\/konyaplisesineklik.com\/en\/wp-content\/uploads\/2021\/02\/WhatsApp-Image-2021-02-09-at-21.14.20-1-864x1536.jpeg 864w, https:\/\/konyaplisesineklik.com\/en\/wp-content\/uploads\/2021\/02\/WhatsApp-Image-2021-02-09-at-21.14.20-1.jpeg 900w\" sizes=\"(max-width: 576px) 100vw, 576px\" \/><\/a><\/figure><\/li><li class=\"blocks-gallery-item\"><figure><a href=\"https:\/\/konyaplisesineklik.com\/en\/wp-content\/uploads\/2021\/02\/WhatsApp-Image-2021-02-09-at-21.14.20-2.jpeg\"><img loading=\"lazy\" width=\"1024\" height=\"576\" src=\"https:\/\/konyaplisesineklik.com\/en\/wp-content\/uploads\/2021\/02\/WhatsApp-Image-2021-02-09-at-21.14.20-2-1024x576.jpeg\" alt=\"\" data-id=\"349\" data-full-url=\"https:\/\/konyaplisesineklik.com\/en\/wp-content\/uploads\/2021\/02\/WhatsApp-Image-2021-02-09-at-21.14.20-2.jpeg\" data-link=\"https:\/\/konyaplisesineklik.com\/en\/foto-galeri\/whatsapp-image-2021-02-09-at-21-14-20-2\/\" class=\"wp-image-349\" srcset=\"https:\/\/konyaplisesineklik.com\/en\/wp-content\/uploads\/2021\/02\/WhatsApp-Image-2021-02-09-at-21.14.20-2-1024x576.jpeg 1024w, https:\/\/konyaplisesineklik.com\/en\/wp-content\/uploads\/2021\/02\/WhatsApp-Image-2021-02-09-at-21.14.20-2-300x169.jpeg 300w, https:\/\/konyaplisesineklik.com\/en\/wp-content\/uploads\/2021\/02\/WhatsApp-Image-2021-02-09-at-21.14.20-2-768x432.jpeg 768w, https:\/\/konyaplisesineklik.com\/en\/wp-content\/uploads\/2021\/02\/WhatsApp-Image-2021-02-09-at-21.14.20-2-1536x864.jpeg 1536w, https:\/\/konyaplisesineklik.com\/en\/wp-content\/uploads\/2021\/02\/WhatsApp-Image-2021-02-09-at-21.14.20-2.jpeg 1600w\" sizes=\"(max-width: 1024px) 100vw, 1024px\" \/><\/a><\/figure><\/li><li class=\"blocks-gallery-item\"><figure><a href=\"https:\/\/konyaplisesineklik.com\/en\/wp-content\/uploads\/2021\/02\/WhatsApp-Image-2021-02-09-at-21.14.20-3.jpeg\"><img loading=\"lazy\" width=\"1024\" height=\"576\" src=\"https:\/\/konyaplisesineklik.com\/en\/wp-content\/uploads\/2021\/02\/WhatsApp-Image-2021-02-09-at-21.14.20-3-1024x576.jpeg\" alt=\"\" data-id=\"350\" data-full-url=\"https:\/\/konyaplisesineklik.com\/en\/wp-content\/uploads\/2021\/02\/WhatsApp-Image-2021-02-09-at-21.14.20-3.jpeg\" data-link=\"https:\/\/konyaplisesineklik.com\/en\/foto-galeri\/whatsapp-image-2021-02-09-at-21-14-20-3\/\" class=\"wp-image-350\" srcset=\"https:\/\/konyaplisesineklik.com\/en\/wp-content\/uploads\/2021\/02\/WhatsApp-Image-2021-02-09-at-21.14.20-3-1024x576.jpeg 1024w, https:\/\/konyaplisesineklik.com\/en\/wp-content\/uploads\/2021\/02\/WhatsApp-Image-2021-02-09-at-21.14.20-3-300x169.jpeg 300w, https:\/\/konyaplisesineklik.com\/en\/wp-content\/uploads\/2021\/02\/WhatsApp-Image-2021-02-09-at-21.14.20-3-768x432.jpeg 768w, https:\/\/konyaplisesineklik.com\/en\/wp-content\/uploads\/2021\/02\/WhatsApp-Image-2021-02-09-at-21.14.20-3-1536x864.jpeg 1536w, https:\/\/konyaplisesineklik.com\/en\/wp-content\/uploads\/2021\/02\/WhatsApp-Image-2021-02-09-at-21.14.20-3.jpeg 1600w\" sizes=\"(max-width: 1024px) 100vw, 1024px\" \/><\/a><\/figure><\/li><li class=\"blocks-gallery-item\"><figure><a href=\"https:\/\/konyaplisesineklik.com\/en\/wp-content\/uploads\/2021\/02\/WhatsApp-Image-2021-02-09-at-21.14.21-1.jpeg\"><img loading=\"lazy\" width=\"576\" height=\"1024\" src=\"https:\/\/konyaplisesineklik.com\/en\/wp-content\/uploads\/2021\/02\/WhatsApp-Image-2021-02-09-at-21.14.21-1-576x1024.jpeg\" alt=\"\" data-id=\"351\" data-full-url=\"https:\/\/konyaplisesineklik.com\/en\/wp-content\/uploads\/2021\/02\/WhatsApp-Image-2021-02-09-at-21.14.21-1.jpeg\" data-link=\"https:\/\/konyaplisesineklik.com\/en\/foto-galeri\/whatsapp-image-2021-02-09-at-21-14-21-1\/\" class=\"wp-image-351\" srcset=\"https:\/\/konyaplisesineklik.com\/en\/wp-content\/uploads\/2021\/02\/WhatsApp-Image-2021-02-09-at-21.14.21-1-576x1024.jpeg 576w, https:\/\/konyaplisesineklik.com\/en\/wp-content\/uploads\/2021\/02\/WhatsApp-Image-2021-02-09-at-21.14.21-1-169x300.jpeg 169w, https:\/\/konyaplisesineklik.com\/en\/wp-content\/uploads\/2021\/02\/WhatsApp-Image-2021-02-09-at-21.14.21-1-768x1365.jpeg 768w, https:\/\/konyaplisesineklik.com\/en\/wp-content\/uploads\/2021\/02\/WhatsApp-Image-2021-02-09-at-21.14.21-1-864x1536.jpeg 864w, https:\/\/konyaplisesineklik.com\/en\/wp-content\/uploads\/2021\/02\/WhatsApp-Image-2021-02-09-at-21.14.21-1.jpeg 900w\" sizes=\"(max-width: 576px) 100vw, 576px\" \/><\/a><\/figure><\/li><li class=\"blocks-gallery-item\"><figure><a href=\"https:\/\/konyaplisesineklik.com\/en\/wp-content\/uploads\/2021\/02\/WhatsApp-Image-2021-02-09-at-21.14.22-1.jpeg\"><img loading=\"lazy\" width=\"768\" height=\"1024\" src=\"https:\/\/konyaplisesineklik.com\/en\/wp-content\/uploads\/2021\/02\/WhatsApp-Image-2021-02-09-at-21.14.22-1-768x1024.jpeg\" alt=\"\" data-id=\"352\" data-full-url=\"https:\/\/konyaplisesineklik.com\/en\/wp-content\/uploads\/2021\/02\/WhatsApp-Image-2021-02-09-at-21.14.22-1.jpeg\" data-link=\"https:\/\/konyaplisesineklik.com\/en\/foto-galeri\/whatsapp-image-2021-02-09-at-21-14-22-1\/\" class=\"wp-image-352\" srcset=\"https:\/\/konyaplisesineklik.com\/en\/wp-content\/uploads\/2021\/02\/WhatsApp-Image-2021-02-09-at-21.14.22-1-768x1024.jpeg 768w, https:\/\/konyaplisesineklik.com\/en\/wp-content\/uploads\/2021\/02\/WhatsApp-Image-2021-02-09-at-21.14.22-1-225x300.jpeg 225w, https:\/\/konyaplisesineklik.com\/en\/wp-content\/uploads\/2021\/02\/WhatsApp-Image-2021-02-09-at-21.14.22-1-1152x1536.jpeg 1152w, https:\/\/konyaplisesineklik.com\/en\/wp-content\/uploads\/2021\/02\/WhatsApp-Image-2021-02-09-at-21.14.22-1.jpeg 1200w\" sizes=\"(max-width: 768px) 100vw, 768px\" \/><\/a><\/figure><\/li><li class=\"blocks-gallery-item\"><figure><a href=\"https:\/\/konyaplisesineklik.com\/en\/wp-content\/uploads\/2021\/02\/WhatsApp-Image-2021-02-09-at-21.14.22-2.jpeg\"><img loading=\"lazy\" width=\"768\" height=\"1024\" src=\"https:\/\/konyaplisesineklik.com\/en\/wp-content\/uploads\/2021\/02\/WhatsApp-Image-2021-02-09-at-21.14.22-2-768x1024.jpeg\" alt=\"\" data-id=\"353\" data-full-url=\"https:\/\/konyaplisesineklik.com\/en\/wp-content\/uploads\/2021\/02\/WhatsApp-Image-2021-02-09-at-21.14.22-2.jpeg\" data-link=\"https:\/\/konyaplisesineklik.com\/en\/foto-galeri\/whatsapp-image-2021-02-09-at-21-14-22-2\/\" class=\"wp-image-353\" srcset=\"https:\/\/konyaplisesineklik.com\/en\/wp-content\/uploads\/2021\/02\/WhatsApp-Image-2021-02-09-at-21.14.22-2-768x1024.jpeg 768w, https:\/\/konyaplisesineklik.com\/en\/wp-content\/uploads\/2021\/02\/WhatsApp-Image-2021-02-09-at-21.14.22-2-225x300.jpeg 225w, https:\/\/konyaplisesineklik.com\/en\/wp-content\/uploads\/2021\/02\/WhatsApp-Image-2021-02-09-at-21.14.22-2-1152x1536.jpeg 1152w, https:\/\/konyaplisesineklik.com\/en\/wp-content\/uploads\/2021\/02\/WhatsApp-Image-2021-02-09-at-21.14.22-2.jpeg 1200w\" sizes=\"(max-width: 768px) 100vw, 768px\" \/><\/a><\/figure><\/li><li class=\"blocks-gallery-item\"><figure><a href=\"https:\/\/konyaplisesineklik.com\/en\/wp-content\/uploads\/2021\/02\/WhatsApp-Image-2021-02-09-at-21.14.22-3.jpeg\"><img loading=\"lazy\" width=\"1024\" height=\"768\" src=\"https:\/\/konyaplisesineklik.com\/en\/wp-content\/uploads\/2021\/02\/WhatsApp-Image-2021-02-09-at-21.14.22-3-1024x768.jpeg\" alt=\"\" data-id=\"354\" data-full-url=\"https:\/\/konyaplisesineklik.com\/en\/wp-content\/uploads\/2021\/02\/WhatsApp-Image-2021-02-09-at-21.14.22-3.jpeg\" data-link=\"https:\/\/konyaplisesineklik.com\/en\/foto-galeri\/whatsapp-image-2021-02-09-at-21-14-22-3\/\" class=\"wp-image-354\" srcset=\"https:\/\/konyaplisesineklik.com\/en\/wp-content\/uploads\/2021\/02\/WhatsApp-Image-2021-02-09-at-21.14.22-3-1024x768.jpeg 1024w, https:\/\/konyaplisesineklik.com\/en\/wp-content\/uploads\/2021\/02\/WhatsApp-Image-2021-02-09-at-21.14.22-3-300x225.jpeg 300w, https:\/\/konyaplisesineklik.com\/en\/wp-content\/uploads\/2021\/02\/WhatsApp-Image-2021-02-09-at-21.14.22-3-768x576.jpeg 768w, https:\/\/konyaplisesineklik.com\/en\/wp-content\/uploads\/2021\/02\/WhatsApp-Image-2021-02-09-at-21.14.22-3-1536x1152.jpeg 1536w, https:\/\/konyaplisesineklik.com\/en\/wp-content\/uploads\/2021\/02\/WhatsApp-Image-2021-02-09-at-21.14.22-3.jpeg 1600w\" sizes=\"(max-width: 1024px) 100vw, 1024px\" \/><\/a><\/figure><\/li><li class=\"blocks-gallery-item\"><figure><a href=\"https:\/\/konyaplisesineklik.com\/en\/wp-content\/uploads\/2021\/02\/WhatsApp-Image-2021-02-09-at-21.14.22.jpeg\"><img loading=\"lazy\" width=\"768\" height=\"1024\" src=\"https:\/\/konyaplisesineklik.com\/en\/wp-content\/uploads\/2021\/02\/WhatsApp-Image-2021-02-09-at-21.14.22-768x1024.jpeg\" alt=\"\" data-id=\"355\" data-full-url=\"https:\/\/konyaplisesineklik.com\/en\/wp-content\/uploads\/2021\/02\/WhatsApp-Image-2021-02-09-at-21.14.22.jpeg\" data-link=\"https:\/\/konyaplisesineklik.com\/en\/foto-galeri\/whatsapp-image-2021-02-09-at-21-14-22\/\" class=\"wp-image-355\" srcset=\"https:\/\/konyaplisesineklik.com\/en\/wp-content\/uploads\/2021\/02\/WhatsApp-Image-2021-02-09-at-21.14.22-768x1024.jpeg 768w, https:\/\/konyaplisesineklik.com\/en\/wp-content\/uploads\/2021\/02\/WhatsApp-Image-2021-02-09-at-21.14.22-225x300.jpeg 225w, https:\/\/konyaplisesineklik.com\/en\/wp-content\/uploads\/2021\/02\/WhatsApp-Image-2021-02-09-at-21.14.22-1152x1536.jpeg 1152w, https:\/\/konyaplisesineklik.com\/en\/wp-content\/uploads\/2021\/02\/WhatsApp-Image-2021-02-09-at-21.14.22.jpeg 1200w\" sizes=\"(max-width: 768px) 100vw, 768px\" \/><\/a><\/figure><\/li><li class=\"blocks-gallery-item\"><figure><a href=\"https:\/\/konyaplisesineklik.com\/en\/wp-content\/uploads\/2021\/02\/WhatsApp-Image-2021-02-09-at-21.14.23-1-1.jpeg\"><img loading=\"lazy\" width=\"1024\" height=\"1024\" src=\"https:\/\/konyaplisesineklik.com\/en\/wp-content\/uploads\/2021\/02\/WhatsApp-Image-2021-02-09-at-21.14.23-1-1-1024x1024.jpeg\" alt=\"\" data-id=\"356\" data-full-url=\"https:\/\/konyaplisesineklik.com\/en\/wp-content\/uploads\/2021\/02\/WhatsApp-Image-2021-02-09-at-21.14.23-1-1.jpeg\" data-link=\"https:\/\/konyaplisesineklik.com\/en\/foto-galeri\/whatsapp-image-2021-02-09-at-21-14-23-1-1\/\" class=\"wp-image-356\" srcset=\"https:\/\/konyaplisesineklik.com\/en\/wp-content\/uploads\/2021\/02\/WhatsApp-Image-2021-02-09-at-21.14.23-1-1-1024x1024.jpeg 1024w, https:\/\/konyaplisesineklik.com\/en\/wp-content\/uploads\/2021\/02\/WhatsApp-Image-2021-02-09-at-21.14.23-1-1-300x300.jpeg 300w, https:\/\/konyaplisesineklik.com\/en\/wp-content\/uploads\/2021\/02\/WhatsApp-Image-2021-02-09-at-21.14.23-1-1-150x150.jpeg 150w, https:\/\/konyaplisesineklik.com\/en\/wp-content\/uploads\/2021\/02\/WhatsApp-Image-2021-02-09-at-21.14.23-1-1-768x768.jpeg 768w, https:\/\/konyaplisesineklik.com\/en\/wp-content\/uploads\/2021\/02\/WhatsApp-Image-2021-02-09-at-21.14.23-1-1.jpeg 1080w\" sizes=\"(max-width: 1024px) 100vw, 1024px\" \/><\/a><\/figure><\/li><li class=\"blocks-gallery-item\"><figure><a href=\"https:\/\/konyaplisesineklik.com\/en\/wp-content\/uploads\/2021\/02\/WhatsApp-Image-2021-02-09-at-21.14.23-2.jpeg\"><img loading=\"lazy\" width=\"1024\" height=\"765\" src=\"https:\/\/konyaplisesineklik.com\/en\/wp-content\/uploads\/2021\/02\/WhatsApp-Image-2021-02-09-at-21.14.23-2-1024x765.jpeg\" alt=\"\" data-id=\"357\" data-full-url=\"https:\/\/konyaplisesineklik.com\/en\/wp-content\/uploads\/2021\/02\/WhatsApp-Image-2021-02-09-at-21.14.23-2.jpeg\" data-link=\"https:\/\/konyaplisesineklik.com\/en\/foto-galeri\/whatsapp-image-2021-02-09-at-21-14-23-2\/\" class=\"wp-image-357\" srcset=\"https:\/\/konyaplisesineklik.com\/en\/wp-content\/uploads\/2021\/02\/WhatsApp-Image-2021-02-09-at-21.14.23-2-1024x765.jpeg 1024w, https:\/\/konyaplisesineklik.com\/en\/wp-content\/uploads\/2021\/02\/WhatsApp-Image-2021-02-09-at-21.14.23-2-300x224.jpeg 300w, https:\/\/konyaplisesineklik.com\/en\/wp-content\/uploads\/2021\/02\/WhatsApp-Image-2021-02-09-at-21.14.23-2-768x574.jpeg 768w, https:\/\/konyaplisesineklik.com\/en\/wp-content\/uploads\/2021\/02\/WhatsApp-Image-2021-02-09-at-21.14.23-2-1536x1148.jpeg 1536w, https:\/\/konyaplisesineklik.com\/en\/wp-content\/uploads\/2021\/02\/WhatsApp-Image-2021-02-09-at-21.14.23-2.jpeg 1600w\" sizes=\"(max-width: 1024px) 100vw, 1024px\" \/><\/a><\/figure><\/li><li class=\"blocks-gallery-item\"><figure><a href=\"https:\/\/konyaplisesineklik.com\/en\/wp-content\/uploads\/2021\/02\/WhatsApp-Image-2021-02-09-at-21.14.23.jpeg\"><img loading=\"lazy\" width=\"1024\" height=\"765\" src=\"https:\/\/konyaplisesineklik.com\/en\/wp-content\/uploads\/2021\/02\/WhatsApp-Image-2021-02-09-at-21.14.23-1024x765.jpeg\" alt=\"\" data-id=\"358\" data-full-url=\"https:\/\/konyaplisesineklik.com\/en\/wp-content\/uploads\/2021\/02\/WhatsApp-Image-2021-02-09-at-21.14.23.jpeg\" data-link=\"https:\/\/konyaplisesineklik.com\/en\/foto-galeri\/whatsapp-image-2021-02-09-at-21-14-23\/\" class=\"wp-image-358\" srcset=\"https:\/\/konyaplisesineklik.com\/en\/wp-content\/uploads\/2021\/02\/WhatsApp-Image-2021-02-09-at-21.14.23-1024x765.jpeg 1024w, https:\/\/konyaplisesineklik.com\/en\/wp-content\/uploads\/2021\/02\/WhatsApp-Image-2021-02-09-at-21.14.23-300x224.jpeg 300w, https:\/\/konyaplisesineklik.com\/en\/wp-content\/uploads\/2021\/02\/WhatsApp-Image-2021-02-09-at-21.14.23-768x574.jpeg 768w, https:\/\/konyaplisesineklik.com\/en\/wp-content\/uploads\/2021\/02\/WhatsApp-Image-2021-02-09-at-21.14.23-1536x1148.jpeg 1536w, https:\/\/konyaplisesineklik.com\/en\/wp-content\/uploads\/2021\/02\/WhatsApp-Image-2021-02-09-at-21.14.23.jpeg 1600w\" sizes=\"(max-width: 1024px) 100vw, 1024px\" \/><\/a><\/figure><\/li><\/ul><\/figure>\n","protected":false},"excerpt":{"rendered":"<p>M\u00fc\u015fterilerimize yapt\u0131\u011f\u0131m\u0131z \u00e7al\u0131\u015fmalar\u0131n foto\u011fraflar\u0131. \u00a0 &nbsp; &nbsp;<\/p>\n","protected":false},"author":1,"featured_media":0,"parent":0,"menu_order":0,"comment_status":"closed","ping_status":"closed","template":"","meta":[],"_links":{"self":[{"href":"https:\/\/konyaplisesineklik.com\/en\/wp-json\/wp\/v2\/pages\/68"}],"collection":[{"href":"https:\/\/konyaplisesineklik.com\/en\/wp-json\/wp\/v2\/pages"}],"about":[{"href":"https:\/\/konyaplisesineklik.com\/en\/wp-json\/wp\/v2\/types\/page"}],"author":[{"embeddable":true,"href":"https:\/\/konyaplisesineklik.com\/en\/wp-json\/wp\/v2\/users\/1"}],"replies":[{"embeddable":true,"href":"https:\/\/konyaplisesineklik.com\/en\/wp-json\/wp\/v2\/comments?post=68"}],"version-history":[{"count":8,"href":"https:\/\/konyaplisesineklik.com\/en\/wp-json\/wp\/v2\/pages\/68\/revisions"}],"predecessor-version":[{"id":430,"href":"https:\/\/konyaplisesineklik.com\/en\/wp-json\/wp\/v2\/pages\/68\/revisions\/430"}],"wp:attachment":[{"href":"https:\/\/konyaplisesineklik.com\/en\/wp-json\/wp\/v2\/media?parent=68"}],"curies":[{"name":"wp","href":"https:\/\/api.w.org\/{rel}","templated":true}]}}