{"id":82,"date":"2020-06-03T20:55:10","date_gmt":"2020-06-03T17:55:10","guid":{"rendered":"http:\/\/demo.safirtema.com\/rota\/?page_id=82"},"modified":"2021-03-03T13:25:43","modified_gmt":"2021-03-03T10:25:43","slug":"hakkimizda","status":"publish","type":"page","link":"https:\/\/konyaplisesineklik.com\/en\/hakkimizda\/","title":{"rendered":"About us"},"content":{"rendered":"\n<figure class=\"wp-block-image size-large is-style-default\"><img loading=\"lazy\" class=\"alignnone wp-image-318 size-large\" src=\"https:\/\/konyaplisesineklik.com\/en\/wp-content\/uploads\/2021\/02\/sultanbeyli-sineklik-fiyatlari-1024x683.jpg\" alt=\"\" width=\"1024\" height=\"683\" srcset=\"https:\/\/konyaplisesineklik.com\/en\/wp-content\/uploads\/2021\/02\/sultanbeyli-sineklik-fiyatlari-1024x683.jpg 1024w, https:\/\/konyaplisesineklik.com\/en\/wp-content\/uploads\/2021\/02\/sultanbeyli-sineklik-fiyatlari-300x200.jpg 300w, https:\/\/konyaplisesineklik.com\/en\/wp-content\/uploads\/2021\/02\/sultanbeyli-sineklik-fiyatlari-768x513.jpg 768w, https:\/\/konyaplisesineklik.com\/en\/wp-content\/uploads\/2021\/02\/sultanbeyli-sineklik-fiyatlari.jpg 1386w\" sizes=\"(max-width: 1024px) 100vw, 1024px\" \/><\/figure>\n\n\n\n<div class=\"wp-block-safirtema-mainheading mainHeading\"><div class=\"inner\"><div class=\"icon safiricon icon38\"><\/div><div class=\"text\">Konya Pleated Fly Screen<\/div><\/div><\/div>\n\n\n\n<p>With years of experience on the road we set off as Evren Cam in 1993, we decided to continue with our new branch in 2012 as Konya Plise Sineklik. We have been continuing to serve you for years with the aim of customer satisfaction as always priority. We use a 3.2 gold series (thick series) profile and we have not received any complaints to this day. Our understanding of competition is quality, our customers who have some companies have it made because it is cheap, usually come to us and have it rebuilt for quality.<\/p>\n\n\n\n<div class=\"wp-block-safirtema-mainheading mainHeading\">\r\n<div class=\"inner\">\r\n<div class=\"icon safiricon icon57\">\u00a0<\/div>\r\n<div class=\"text\">\u00c7al\u0131\u015fma Sistemimiz<\/div>\r\n<\/div>\r\n<\/div>\n\n\n\n<p>After coming to your address and taking the measurements, we will prepare and assemble your products using the highest quality materials in a short time.<\/p>\n\n\n\n<div class=\"wp-block-columns\">\n<div class=\"wp-block-column\">\n<div class=\"wp-block-safirtema-mainheading mainHeading\">\r\n<div class=\"inner\">\r\n<div class=\"icon safiricon icon7\">\u00a0<\/div>\r\n<div class=\"text\">Misyonumuz<\/div>\r\n<\/div>\r\n<\/div>\n\n\n\n<p>In our sector, it is our biggest duty and mission to ensure the products and product quality that are felt to be deficient, to raise the living standards of the people of the region we serve for the satisfaction of our customers, to keep human and human values always in the first place, and to reach the high standards of the country&#8217;s economy.<\/p>\n<\/div>\n\n\n\n<div class=\"wp-block-column\">\n<div class=\"wp-block-safirtema-mainheading mainHeading\">\r\n<div class=\"inner\">\r\n<div class=\"icon safiricon icon3\">\u00a0<\/div>\r\n<div class=\"text\">Vizyonumuz<\/div>\r\n<\/div>\r\n<\/div>\n\n\n\n<p>With the desire to be ahead of customer expectations, innovative products, customer satisfaction perspective, sustainable different business model, to be a company that its stakeholders are proud to work with and the number one choice of its consumers. We brought our brand in a beautiful location in Konya, after the number one choice of consumers we aim to grow in Konya, Turkey and abroad in general.<\/p>\n<\/div>\n<\/div>\n","protected":false},"excerpt":{"rendered":"<p>With years of experience on the road we set off as Evren Cam in 1993, we decided to continue with our new branch in 2012 as Konya Plise Sineklik. We have been continuing to serve you for years with the aim of customer satisfaction as always priority. We use a 3.2 gold series (thick series) [&hellip;]<\/p>\n","protected":false},"author":1,"featured_media":0,"parent":0,"menu_order":0,"comment_status":"closed","ping_status":"closed","template":"","meta":[],"_links":{"self":[{"href":"https:\/\/konyaplisesineklik.com\/en\/wp-json\/wp\/v2\/pages\/82"}],"collection":[{"href":"https:\/\/konyaplisesineklik.com\/en\/wp-json\/wp\/v2\/pages"}],"about":[{"href":"https:\/\/konyaplisesineklik.com\/en\/wp-json\/wp\/v2\/types\/page"}],"author":[{"embeddable":true,"href":"https:\/\/konyaplisesineklik.com\/en\/wp-json\/wp\/v2\/users\/1"}],"replies":[{"embeddable":true,"href":"https:\/\/konyaplisesineklik.com\/en\/wp-json\/wp\/v2\/comments?post=82"}],"version-history":[{"count":19,"href":"https:\/\/konyaplisesineklik.com\/en\/wp-json\/wp\/v2\/pages\/82\/revisions"}],"predecessor-version":[{"id":426,"href":"https:\/\/konyaplisesineklik.com\/en\/wp-json\/wp\/v2\/pages\/82\/revisions\/426"}],"wp:attachment":[{"href":"https:\/\/konyaplisesineklik.com\/en\/wp-json\/wp\/v2\/media?parent=82"}],"curies":[{"name":"wp","href":"https:\/\/api.w.org\/{rel}","templated":true}]}}